{"id":37,"date":"2024-08-02T14:47:56","date_gmt":"2024-08-02T13:47:56","guid":{"rendered":"https:\/\/ppcmax.hu\/?page_id=37"},"modified":"2024-08-02T14:50:40","modified_gmt":"2024-08-02T13:50:40","slug":"elementor-37","status":"publish","type":"page","link":"https:\/\/ppcmax.hu\/index.php\/elementor-37\/","title":{"rendered":"Elementor #37"},"content":{"rendered":"\t\t<div data-elementor-type=\"wp-post\" data-elementor-id=\"37\" class=\"elementor elementor-37\" data-elementor-post-type=\"page\">\n\t\t\t\t\t\t<section class=\"elementor-section elementor-top-section elementor-element elementor-element-696ef027 elementor-section-height-full elementor-section-boxed elementor-section-height-default elementor-section-items-middle\" data-id=\"696ef027\" data-element_type=\"section\" data-settings=\"{&quot;jet_parallax_layout_list&quot;:[{&quot;_id&quot;:&quot;5aba9d&quot;,&quot;jet_parallax_layout_image&quot;:{&quot;url&quot;:&quot;&quot;,&quot;id&quot;:&quot;&quot;,&quot;size&quot;:&quot;&quot;},&quot;jet_parallax_layout_image_tablet&quot;:{&quot;url&quot;:&quot;&quot;,&quot;id&quot;:&quot;&quot;,&quot;size&quot;:&quot;&quot;},&quot;jet_parallax_layout_image_mobile&quot;:{&quot;url&quot;:&quot;&quot;,&quot;id&quot;:&quot;&quot;,&quot;size&quot;:&quot;&quot;},&quot;jet_parallax_layout_speed&quot;:{&quot;unit&quot;:&quot;%&quot;,&quot;size&quot;:50,&quot;sizes&quot;:[]},&quot;jet_parallax_layout_type&quot;:&quot;scroll&quot;,&quot;jet_parallax_layout_direction&quot;:null,&quot;jet_parallax_layout_fx_direction&quot;:null,&quot;jet_parallax_layout_z_index&quot;:&quot;&quot;,&quot;jet_parallax_layout_bg_x&quot;:50,&quot;jet_parallax_layout_bg_x_tablet&quot;:&quot;&quot;,&quot;jet_parallax_layout_bg_x_mobile&quot;:&quot;&quot;,&quot;jet_parallax_layout_bg_y&quot;:50,&quot;jet_parallax_layout_bg_y_tablet&quot;:&quot;&quot;,&quot;jet_parallax_layout_bg_y_mobile&quot;:&quot;&quot;,&quot;jet_parallax_layout_bg_size&quot;:&quot;auto&quot;,&quot;jet_parallax_layout_bg_size_tablet&quot;:&quot;&quot;,&quot;jet_parallax_layout_bg_size_mobile&quot;:&quot;&quot;,&quot;jet_parallax_layout_animation_prop&quot;:&quot;transform&quot;,&quot;jet_parallax_layout_on&quot;:[&quot;desktop&quot;,&quot;tablet&quot;]}]}\">\n\t\t\t\t\t\t<div class=\"elementor-container elementor-column-gap-default\">\n\t\t\t\t\t<div class=\"elementor-column elementor-col-100 elementor-top-column elementor-element elementor-element-695cd5ac\" data-id=\"695cd5ac\" data-element_type=\"column\">\n\t\t\t<div class=\"elementor-widget-wrap elementor-element-populated\">\n\t\t\t\t\t\t<div class=\"elementor-element elementor-element-2ae461e8 elementor-widget elementor-widget-heading\" data-id=\"2ae461e8\" data-element_type=\"widget\" data-widget_type=\"heading.default\">\n\t\t\t\t<div class=\"elementor-widget-container\">\n\t\t\t\t\t<h2 class=\"elementor-heading-title elementor-size-default\">Sorry, we\u2019re down for maintenance. <\/h2>\t\t\t\t<\/div>\n\t\t\t\t<\/div>\n\t\t\t\t\t<\/div>\n\t\t<\/div>\n\t\t\t\t\t<\/div>\n\t\t<\/section>\n\t\t\t\t<\/div>\n\t\t","protected":false},"excerpt":{"rendered":"<p>Sorry, we\u2019re down for maintenance.<\/p>\n","protected":false},"author":1,"featured_media":0,"parent":0,"menu_order":0,"comment_status":"closed","ping_status":"closed","template":"","meta":{"_acf_changed":false,"footnotes":""},"class_list":["post-37","page","type-page","status-publish","hentry"],"acf":[],"yoast_head":"<!-- This site is optimized with the Yoast SEO Premium plugin v23.8 (Yoast SEO v23.8) - https:\/\/yoast.com\/wordpress\/plugins\/seo\/ -->\n<title>Elementor #37 - ppcmax.hu<\/title>\n<meta name=\"robots\" content=\"index, follow, max-snippet:-1, max-image-preview:large, max-video-preview:-1\" \/>\n<link rel=\"canonical\" href=\"https:\/\/ppcmax.hu\/index.php\/elementor-37\/\" \/>\n<meta property=\"og:locale\" content=\"hu_HU\" \/>\n<meta property=\"og:type\" content=\"article\" \/>\n<meta property=\"og:title\" content=\"Elementor #37\" \/>\n<meta property=\"og:description\" content=\"Sorry, we\u2019re down for maintenance.\" \/>\n<meta property=\"og:url\" content=\"https:\/\/ppcmax.hu\/index.php\/elementor-37\/\" \/>\n<meta property=\"og:site_name\" content=\"ppcmax.hu\" \/>\n<meta property=\"article:modified_time\" content=\"2024-08-02T13:50:40+00:00\" \/>\n<meta name=\"twitter:card\" content=\"summary_large_image\" \/>\n<meta name=\"twitter:label1\" content=\"Becs\u00fclt olvas\u00e1si id\u0151\" \/>\n\t<meta name=\"twitter:data1\" content=\"1 perc\" \/>\n<script type=\"application\/ld+json\" class=\"yoast-schema-graph\">{\"@context\":\"https:\/\/schema.org\",\"@graph\":[{\"@type\":\"WebPage\",\"@id\":\"https:\/\/ppcmax.hu\/index.php\/elementor-37\/\",\"url\":\"https:\/\/ppcmax.hu\/index.php\/elementor-37\/\",\"name\":\"Elementor #37 - ppcmax.hu\",\"isPartOf\":{\"@id\":\"https:\/\/ppcmax.hu\/#website\"},\"datePublished\":\"2024-08-02T13:47:56+00:00\",\"dateModified\":\"2024-08-02T13:50:40+00:00\",\"breadcrumb\":{\"@id\":\"https:\/\/ppcmax.hu\/index.php\/elementor-37\/#breadcrumb\"},\"inLanguage\":\"hu\",\"potentialAction\":[{\"@type\":\"ReadAction\",\"target\":[\"https:\/\/ppcmax.hu\/index.php\/elementor-37\/\"]}]},{\"@type\":\"BreadcrumbList\",\"@id\":\"https:\/\/ppcmax.hu\/index.php\/elementor-37\/#breadcrumb\",\"itemListElement\":[{\"@type\":\"ListItem\",\"position\":1,\"name\":\"Home\",\"item\":\"https:\/\/ppcmax.hu\/\"},{\"@type\":\"ListItem\",\"position\":2,\"name\":\"Elementor #37\"}]},{\"@type\":\"WebSite\",\"@id\":\"https:\/\/ppcmax.hu\/#website\",\"url\":\"https:\/\/ppcmax.hu\/\",\"name\":\"ppcmax.hu\",\"description\":\"\",\"potentialAction\":[{\"@type\":\"SearchAction\",\"target\":{\"@type\":\"EntryPoint\",\"urlTemplate\":\"https:\/\/ppcmax.hu\/?s={search_term_string}\"},\"query-input\":{\"@type\":\"PropertyValueSpecification\",\"valueRequired\":true,\"valueName\":\"search_term_string\"}}],\"inLanguage\":\"hu\"}]}<\/script>\n<!-- \/ Yoast SEO Premium plugin. -->","yoast_head_json":{"title":"Elementor #37 - ppcmax.hu","robots":{"index":"index","follow":"follow","max-snippet":"max-snippet:-1","max-image-preview":"max-image-preview:large","max-video-preview":"max-video-preview:-1"},"canonical":"https:\/\/ppcmax.hu\/index.php\/elementor-37\/","og_locale":"hu_HU","og_type":"article","og_title":"Elementor #37","og_description":"Sorry, we\u2019re down for maintenance.","og_url":"https:\/\/ppcmax.hu\/index.php\/elementor-37\/","og_site_name":"ppcmax.hu","article_modified_time":"2024-08-02T13:50:40+00:00","twitter_card":"summary_large_image","twitter_misc":{"Becs\u00fclt olvas\u00e1si id\u0151":"1 perc"},"schema":{"@context":"https:\/\/schema.org","@graph":[{"@type":"WebPage","@id":"https:\/\/ppcmax.hu\/index.php\/elementor-37\/","url":"https:\/\/ppcmax.hu\/index.php\/elementor-37\/","name":"Elementor #37 - ppcmax.hu","isPartOf":{"@id":"https:\/\/ppcmax.hu\/#website"},"datePublished":"2024-08-02T13:47:56+00:00","dateModified":"2024-08-02T13:50:40+00:00","breadcrumb":{"@id":"https:\/\/ppcmax.hu\/index.php\/elementor-37\/#breadcrumb"},"inLanguage":"hu","potentialAction":[{"@type":"ReadAction","target":["https:\/\/ppcmax.hu\/index.php\/elementor-37\/"]}]},{"@type":"BreadcrumbList","@id":"https:\/\/ppcmax.hu\/index.php\/elementor-37\/#breadcrumb","itemListElement":[{"@type":"ListItem","position":1,"name":"Home","item":"https:\/\/ppcmax.hu\/"},{"@type":"ListItem","position":2,"name":"Elementor #37"}]},{"@type":"WebSite","@id":"https:\/\/ppcmax.hu\/#website","url":"https:\/\/ppcmax.hu\/","name":"ppcmax.hu","description":"","potentialAction":[{"@type":"SearchAction","target":{"@type":"EntryPoint","urlTemplate":"https:\/\/ppcmax.hu\/?s={search_term_string}"},"query-input":{"@type":"PropertyValueSpecification","valueRequired":true,"valueName":"search_term_string"}}],"inLanguage":"hu"}]}},"_links":{"self":[{"href":"https:\/\/ppcmax.hu\/index.php\/wp-json\/wp\/v2\/pages\/37","targetHints":{"allow":["GET"]}}],"collection":[{"href":"https:\/\/ppcmax.hu\/index.php\/wp-json\/wp\/v2\/pages"}],"about":[{"href":"https:\/\/ppcmax.hu\/index.php\/wp-json\/wp\/v2\/types\/page"}],"author":[{"embeddable":true,"href":"https:\/\/ppcmax.hu\/index.php\/wp-json\/wp\/v2\/users\/1"}],"replies":[{"embeddable":true,"href":"https:\/\/ppcmax.hu\/index.php\/wp-json\/wp\/v2\/comments?post=37"}],"version-history":[{"count":8,"href":"https:\/\/ppcmax.hu\/index.php\/wp-json\/wp\/v2\/pages\/37\/revisions"}],"predecessor-version":[{"id":56,"href":"https:\/\/ppcmax.hu\/index.php\/wp-json\/wp\/v2\/pages\/37\/revisions\/56"}],"wp:attachment":[{"href":"https:\/\/ppcmax.hu\/index.php\/wp-json\/wp\/v2\/media?parent=37"}],"curies":[{"name":"wp","href":"https:\/\/api.w.org\/{rel}","templated":true}]}}